{"id":243,"date":"2025-01-18T09:49:13","date_gmt":"2025-01-18T09:49:13","guid":{"rendered":"https:\/\/iconx.hu\/?page_id=243"},"modified":"2025-01-27T17:09:51","modified_gmt":"2025-01-27T17:09:51","slug":"impresszum","status":"publish","type":"page","link":"https:\/\/iconx.hu\/index.php\/impresszum\/","title":{"rendered":"Impresszum"},"content":{"rendered":"<section class=\"bde-section-243-100 bde-section\">\n  \n  \n\t\n\n\n\n<div class=\"section-container\"><h1 class=\"bde-heading-243-102 bde-heading\">\nImpresszum\n<\/h1><div class=\"bde-rich-text-243-101 bde-rich-text breakdance-rich-text-styles\">\n<p>A szolg\u00e1ltat\u00f3 neve: Keleway Bt.<br \/>A szolg\u00e1ltat\u00f3 sz\u00e9khelye: 6044 Kecskem\u00e9t \u00darihegy tanya 262\/3.<br \/>A szolg\u00e1ltat\u00f3 el\u00e9rhet\u0151s\u00e9ge: +36 20 495 0319\u00a0 info@iconx.hu<br \/>Ad\u00f3sz\u00e1m: 20519672-1-03<br \/><br \/>A t\u00e1rhelyszolg\u00e1ltat\u00f3 adatai:<br \/>N\u00e9v: Sybell Informatika Kft.<br \/>Sz\u00e9khely: 1158 Budapest, K\u00e9sm\u00e1rk u. 7\/B 2. em. 206.<br \/>Ad\u00f3sz\u00e1m: 25859502-2-42<br \/>E-mail: <a href=\"mailto:info@sybell.hu\">info@sybell.hu<\/a><\/p>\n<\/div><\/div>\n<\/section>","protected":false},"excerpt":{"rendered":"<p>Impresszum A szolg\u00e1ltat\u00f3 neve: Keleway Bt.A szolg\u00e1ltat\u00f3 sz\u00e9khelye: 6044 Kecskem\u00e9t \u00darihegy tanya 262\/3.A szolg\u00e1ltat\u00f3 el\u00e9rhet\u0151s\u00e9ge: +36 20 495 0319\u00a0 info@iconx.huAd\u00f3sz\u00e1m: 20519672-1-03A t\u00e1rhelyszolg\u00e1ltat\u00f3 adatai:N\u00e9v: Sybell Informatika Kft.Sz\u00e9khely: 1158 Budapest, K\u00e9sm\u00e1rk u. 7\/B 2. em. 206.Ad\u00f3sz\u00e1m: 25859502-2-42E-mail: info@sybell.hu<\/p>\n","protected":false},"author":1,"featured_media":0,"parent":0,"menu_order":0,"comment_status":"closed","ping_status":"closed","template":"","meta":{"_breakdance_hide_in_design_set":false,"_breakdance_tags":"","footnotes":""},"class_list":["post-243","page","type-page","status-publish","hentry"],"yoast_head":"<!-- This site is optimized with the Yoast SEO plugin v27.4 - https:\/\/yoast.com\/product\/yoast-seo-wordpress\/ -->\n<title>Impresszum - iCon<\/title>\n<meta name=\"robots\" content=\"index, follow, max-snippet:-1, max-image-preview:large, max-video-preview:-1\" \/>\n<link rel=\"canonical\" href=\"https:\/\/iconx.hu\/index.php\/impresszum\/\" \/>\n<meta property=\"og:locale\" content=\"hu_HU\" \/>\n<meta property=\"og:type\" content=\"article\" \/>\n<meta property=\"og:title\" content=\"Impresszum - iCon\" \/>\n<meta property=\"og:description\" content=\"Impresszum A szolg\u00e1ltat\u00f3 neve: Keleway Bt.A szolg\u00e1ltat\u00f3 sz\u00e9khelye: 6044 Kecskem\u00e9t \u00darihegy tanya 262\/3.A szolg\u00e1ltat\u00f3 el\u00e9rhet\u0151s\u00e9ge: +36 20 495 0319\u00a0 info@iconx.huAd\u00f3sz\u00e1m: 20519672-1-03A t\u00e1rhelyszolg\u00e1ltat\u00f3 adatai:N\u00e9v: Sybell Informatika Kft.Sz\u00e9khely: 1158 Budapest, K\u00e9sm\u00e1rk u. 7\/B 2. em. 206.Ad\u00f3sz\u00e1m: 25859502-2-42E-mail: info@sybell.hu\" \/>\n<meta property=\"og:url\" content=\"https:\/\/iconx.hu\/index.php\/impresszum\/\" \/>\n<meta property=\"og:site_name\" content=\"iCon\" \/>\n<meta property=\"article:publisher\" content=\"https:\/\/www.facebook.com\/profile.php?id=61572333931392\" \/>\n<meta property=\"article:modified_time\" content=\"2025-01-27T17:09:51+00:00\" \/>\n<meta name=\"twitter:card\" content=\"summary_large_image\" \/>\n<meta name=\"twitter:label1\" content=\"Becs\u00fclt olvas\u00e1si id\u0151\" \/>\n\t<meta name=\"twitter:data1\" content=\"1 perc\" \/>\n<script type=\"application\/ld+json\" class=\"yoast-schema-graph\">{\"@context\":\"https:\\\/\\\/schema.org\",\"@graph\":[{\"@type\":\"WebPage\",\"@id\":\"https:\\\/\\\/iconx.hu\\\/index.php\\\/impresszum\\\/\",\"url\":\"https:\\\/\\\/iconx.hu\\\/index.php\\\/impresszum\\\/\",\"name\":\"Impresszum - iCon\",\"isPartOf\":{\"@id\":\"https:\\\/\\\/iconx.hu\\\/#website\"},\"datePublished\":\"2025-01-18T09:49:13+00:00\",\"dateModified\":\"2025-01-27T17:09:51+00:00\",\"breadcrumb\":{\"@id\":\"https:\\\/\\\/iconx.hu\\\/index.php\\\/impresszum\\\/#breadcrumb\"},\"inLanguage\":\"hu\",\"potentialAction\":[{\"@type\":\"ReadAction\",\"target\":[\"https:\\\/\\\/iconx.hu\\\/index.php\\\/impresszum\\\/\"]}]},{\"@type\":\"BreadcrumbList\",\"@id\":\"https:\\\/\\\/iconx.hu\\\/index.php\\\/impresszum\\\/#breadcrumb\",\"itemListElement\":[{\"@type\":\"ListItem\",\"position\":1,\"name\":\"Kezd\u0151lap\",\"item\":\"https:\\\/\\\/iconx.hu\\\/\"},{\"@type\":\"ListItem\",\"position\":2,\"name\":\"Impresszum\"}]},{\"@type\":\"WebSite\",\"@id\":\"https:\\\/\\\/iconx.hu\\\/#website\",\"url\":\"https:\\\/\\\/iconx.hu\\\/\",\"name\":\"iCon\",\"description\":\"Kecskem\u00e9ti iCon Fesztiv\u00e1l hivatalos honlapja\",\"publisher\":{\"@id\":\"https:\\\/\\\/iconx.hu\\\/#organization\"},\"potentialAction\":[{\"@type\":\"SearchAction\",\"target\":{\"@type\":\"EntryPoint\",\"urlTemplate\":\"https:\\\/\\\/iconx.hu\\\/?s={search_term_string}\"},\"query-input\":{\"@type\":\"PropertyValueSpecification\",\"valueRequired\":true,\"valueName\":\"search_term_string\"}}],\"inLanguage\":\"hu\"},{\"@type\":\"Organization\",\"@id\":\"https:\\\/\\\/iconx.hu\\\/#organization\",\"name\":\"Kecskemet Icon\",\"url\":\"https:\\\/\\\/iconx.hu\\\/\",\"logo\":{\"@type\":\"ImageObject\",\"inLanguage\":\"hu\",\"@id\":\"https:\\\/\\\/iconx.hu\\\/#\\\/schema\\\/logo\\\/image\\\/\",\"url\":\"https:\\\/\\\/iconx.hu\\\/wp-content\\\/uploads\\\/2025\\\/01\\\/2026-logo-terv-masolat-scaled-e1769360751947.png\",\"contentUrl\":\"https:\\\/\\\/iconx.hu\\\/wp-content\\\/uploads\\\/2025\\\/01\\\/2026-logo-terv-masolat-scaled-e1769360751947.png\",\"width\":1810,\"height\":1140,\"caption\":\"Kecskemet Icon\"},\"image\":{\"@id\":\"https:\\\/\\\/iconx.hu\\\/#\\\/schema\\\/logo\\\/image\\\/\"},\"sameAs\":[\"https:\\\/\\\/www.facebook.com\\\/profile.php?id=61572333931392\",\"https:\\\/\\\/www.instagram.com\\\/icon_kecskemet\\\/?hl=en\"]}]}<\/script>\n<!-- \/ Yoast SEO plugin. -->","yoast_head_json":{"title":"Impresszum - iCon","robots":{"index":"index","follow":"follow","max-snippet":"max-snippet:-1","max-image-preview":"max-image-preview:large","max-video-preview":"max-video-preview:-1"},"canonical":"https:\/\/iconx.hu\/index.php\/impresszum\/","og_locale":"hu_HU","og_type":"article","og_title":"Impresszum - iCon","og_description":"Impresszum A szolg\u00e1ltat\u00f3 neve: Keleway Bt.A szolg\u00e1ltat\u00f3 sz\u00e9khelye: 6044 Kecskem\u00e9t \u00darihegy tanya 262\/3.A szolg\u00e1ltat\u00f3 el\u00e9rhet\u0151s\u00e9ge: +36 20 495 0319\u00a0 info@iconx.huAd\u00f3sz\u00e1m: 20519672-1-03A t\u00e1rhelyszolg\u00e1ltat\u00f3 adatai:N\u00e9v: Sybell Informatika Kft.Sz\u00e9khely: 1158 Budapest, K\u00e9sm\u00e1rk u. 7\/B 2. em. 206.Ad\u00f3sz\u00e1m: 25859502-2-42E-mail: info@sybell.hu","og_url":"https:\/\/iconx.hu\/index.php\/impresszum\/","og_site_name":"iCon","article_publisher":"https:\/\/www.facebook.com\/profile.php?id=61572333931392","article_modified_time":"2025-01-27T17:09:51+00:00","twitter_card":"summary_large_image","twitter_misc":{"Becs\u00fclt olvas\u00e1si id\u0151":"1 perc"},"schema":{"@context":"https:\/\/schema.org","@graph":[{"@type":"WebPage","@id":"https:\/\/iconx.hu\/index.php\/impresszum\/","url":"https:\/\/iconx.hu\/index.php\/impresszum\/","name":"Impresszum - iCon","isPartOf":{"@id":"https:\/\/iconx.hu\/#website"},"datePublished":"2025-01-18T09:49:13+00:00","dateModified":"2025-01-27T17:09:51+00:00","breadcrumb":{"@id":"https:\/\/iconx.hu\/index.php\/impresszum\/#breadcrumb"},"inLanguage":"hu","potentialAction":[{"@type":"ReadAction","target":["https:\/\/iconx.hu\/index.php\/impresszum\/"]}]},{"@type":"BreadcrumbList","@id":"https:\/\/iconx.hu\/index.php\/impresszum\/#breadcrumb","itemListElement":[{"@type":"ListItem","position":1,"name":"Kezd\u0151lap","item":"https:\/\/iconx.hu\/"},{"@type":"ListItem","position":2,"name":"Impresszum"}]},{"@type":"WebSite","@id":"https:\/\/iconx.hu\/#website","url":"https:\/\/iconx.hu\/","name":"iCon","description":"Kecskem\u00e9ti iCon Fesztiv\u00e1l hivatalos honlapja","publisher":{"@id":"https:\/\/iconx.hu\/#organization"},"potentialAction":[{"@type":"SearchAction","target":{"@type":"EntryPoint","urlTemplate":"https:\/\/iconx.hu\/?s={search_term_string}"},"query-input":{"@type":"PropertyValueSpecification","valueRequired":true,"valueName":"search_term_string"}}],"inLanguage":"hu"},{"@type":"Organization","@id":"https:\/\/iconx.hu\/#organization","name":"Kecskemet Icon","url":"https:\/\/iconx.hu\/","logo":{"@type":"ImageObject","inLanguage":"hu","@id":"https:\/\/iconx.hu\/#\/schema\/logo\/image\/","url":"https:\/\/iconx.hu\/wp-content\/uploads\/2025\/01\/2026-logo-terv-masolat-scaled-e1769360751947.png","contentUrl":"https:\/\/iconx.hu\/wp-content\/uploads\/2025\/01\/2026-logo-terv-masolat-scaled-e1769360751947.png","width":1810,"height":1140,"caption":"Kecskemet Icon"},"image":{"@id":"https:\/\/iconx.hu\/#\/schema\/logo\/image\/"},"sameAs":["https:\/\/www.facebook.com\/profile.php?id=61572333931392","https:\/\/www.instagram.com\/icon_kecskemet\/?hl=en"]}]}},"_links":{"self":[{"href":"https:\/\/iconx.hu\/index.php\/wp-json\/wp\/v2\/pages\/243","targetHints":{"allow":["GET"]}}],"collection":[{"href":"https:\/\/iconx.hu\/index.php\/wp-json\/wp\/v2\/pages"}],"about":[{"href":"https:\/\/iconx.hu\/index.php\/wp-json\/wp\/v2\/types\/page"}],"author":[{"embeddable":true,"href":"https:\/\/iconx.hu\/index.php\/wp-json\/wp\/v2\/users\/1"}],"replies":[{"embeddable":true,"href":"https:\/\/iconx.hu\/index.php\/wp-json\/wp\/v2\/comments?post=243"}],"version-history":[{"count":6,"href":"https:\/\/iconx.hu\/index.php\/wp-json\/wp\/v2\/pages\/243\/revisions"}],"predecessor-version":[{"id":441,"href":"https:\/\/iconx.hu\/index.php\/wp-json\/wp\/v2\/pages\/243\/revisions\/441"}],"wp:attachment":[{"href":"https:\/\/iconx.hu\/index.php\/wp-json\/wp\/v2\/media?parent=243"}],"curies":[{"name":"wp","href":"https:\/\/api.w.org\/{rel}","templated":true}]}}