{"id":257,"date":"2025-01-18T10:13:33","date_gmt":"2025-01-18T10:13:33","guid":{"rendered":"https:\/\/iconx.hu\/?page_id=257"},"modified":"2026-04-14T18:29:24","modified_gmt":"2026-04-14T18:29:24","slug":"icon-jegyvasarlas","status":"publish","type":"page","link":"https:\/\/iconx.hu\/index.php\/icon-jegyvasarlas\/","title":{"rendered":"Jegyek"},"content":{"rendered":"<section class=\"bde-section-257-115 bde-section\">\n  \n  \n\t\n\n\n\n<div class=\"section-container\"><div class=\"bde-div-257-116 bde-div\">\n  \n  \n\t\n\n\n\n<div class=\"bde-div-257-117 bde-div\">\n  \n  \n\t\n\n\n\n<h1 class=\"bde-heading-257-118 bde-heading\">\nJegyek\n<\/h1><div class=\"bde-rich-text-257-119 bde-rich-text breakdance-rich-text-styles\">\n<section class=\"text-token-text-primary w-full focus:outline-none [--shadow-height:45px] has-data-writing-block:pointer-events-none has-data-writing-block:-mt-(--shadow-height) has-data-writing-block:pt-(--shadow-height) [&amp;:has([data-writing-block])&gt;*]:pointer-events-auto scroll-mt-(--header-height)\" dir=\"auto\" data-turn-id=\"d9fb1ffc-8052-4382-af98-47130d9d7165\" data-testid=\"conversation-turn-5\" data-scroll-anchor=\"false\" data-turn=\"user\"><\/section>\n<section class=\"text-token-text-primary w-full focus:outline-none [--shadow-height:45px] has-data-writing-block:pointer-events-none has-data-writing-block:-mt-(--shadow-height) has-data-writing-block:pt-(--shadow-height) [&amp;:has([data-writing-block])&gt;*]:pointer-events-auto scroll-mt-[calc(var(--header-height)+min(200px,max(70px,20svh)))]\" dir=\"auto\" data-turn-id=\"request-WEB:a7c99010-aee5-49a3-b6c6-06414845d687-2\" data-testid=\"conversation-turn-6\" data-scroll-anchor=\"true\" data-turn=\"assistant\">\n<div class=\"text-base my-auto mx-auto pb-10 [--thread-content-margin:var(--thread-content-margin-xs,calc(var(--spacing)*4))] @w-sm\/main:[--thread-content-margin:var(--thread-content-margin-sm,calc(var(--spacing)*6))] @w-lg\/main:[--thread-content-margin:var(--thread-content-margin-lg,calc(var(--spacing)*16))] px-(--thread-content-margin)\">\n<div class=\"[--thread-content-max-width:40rem] @w-lg\/main:[--thread-content-max-width:48rem] mx-auto max-w-(--thread-content-max-width) flex-1 group\/turn-messages focus-visible:outline-hidden relative flex w-full min-w-0 flex-col agent-turn\">\n<div class=\"flex max-w-full flex-col gap-4 grow\">\n<div class=\"min-h-8 text-message relative flex w-full flex-col items-end gap-2 text-start break-words whitespace-normal outline-none keyboard-focused:focus-ring [.text-message+&amp;]:mt-1\" dir=\"auto\" tabindex=\"0\" data-message-author-role=\"assistant\" data-message-id=\"fd85575d-c0ac-4cdc-b416-acef5127b6f1\" data-message-model-slug=\"gpt-5-4-thinking\" data-turn-start-message=\"true\">\n<div class=\"flex w-full flex-col gap-1 empty:hidden\">\n<h2 class=\"markdown prose dark:prose-invert w-full wrap-break-word dark markdown-new-styling\">Jegyv\u00e1s\u00e1rl\u00e1sra <a href=\"https:\/\/annavi.hu\/2-kecskemet-icon\"><strong>itt<\/strong><\/a> online vagy a helysz\u00ednen az esem\u00e9ny napj\u00e1n lesz lehet\u0151s\u00e9getek.<\/h2>\n<\/div>\n<\/div>\n<\/div>\n<\/div>\n<\/div>\n<\/section>\n<\/div>\n<\/div>\n<\/div><\/div>\n<\/section><section class=\"bde-section-257-120 bde-section\">\n  \n  \n\t\n\n\n\n        <div class=\"section-shape-divider-wrapper section-shape-divider-wrapper--1\">\n          <span class=\"section-shape-divider\">\n                      <svg\n                xmlns=\"http:\/\/www.w3.org\/2000\/svg\"\n                viewBox=\"0 0 1440 320\"\n                preserveAspectRatio=\"none\"\n            >\n              <path d=\"M1440 0s-1.653 150.944-172.8 220C1050.548 307.416 0 300 0 300v20h1440V0Z\" fill=\"currentColor\"\/>\n            <\/svg>\n                    <\/span>\n      <\/div>\n  <div class=\"section-container\"><div class=\"bde-rich-text-257-121 bde-rich-text breakdance-rich-text-styles\">\n<h3><strong>Jegyt\u00edpusok<\/strong><\/h3>\n<p>\u00a0<\/p>\n<\/div><div class=\"bde-columns-257-135 bde-columns\"><div class=\"bde-column-257-136 bde-column\">\n  \n  \n\t\n\n\n\n<div class=\"bde-rich-text-257-140 bde-rich-text breakdance-rich-text-styles\">\n<p style=\"text-align: left;\">\u00a0<\/p>\n<ul>\n<li style=\"text-align: left;\">\n<p><strong>Feln\u0151tt bel\u00e9p\u0151jegy<\/strong><\/p>\n<ul>\n<li style=\"text-align: left;\">\n<p>\u00c1ra<strong>:<em> 4000 Ft<\/em>.<\/strong><\/p>\n<\/li>\n<\/ul>\n<\/li>\n<\/ul>\n<p>\u00a0<\/p>\n<\/div>\n<\/div><div class=\"bde-column-257-137 bde-column\">\n  \n  \n\t\n\n\n\n<div class=\"bde-rich-text-257-143 bde-rich-text breakdance-rich-text-styles\">\n<p style=\"text-align: left;\">\u00a0<\/p>\n<ul>\n<li style=\"text-align: left;\">\n<p><strong>Gyerek bel\u00e9p\u0151jegy<\/strong> ( 6 - 14 \u00e9v)<\/p>\n<ul>\n<li style=\"text-align: left;\">\n<p>\u00c1ra<strong>:<em> 2500 Ft<\/em>.<\/strong><\/p>\n<\/li>\n<\/ul>\n<\/li>\n<\/ul>\n<p>\u00a0<\/p>\n<\/div>\n<\/div><div class=\"bde-column-257-138 bde-column\">\n  \n  \n\t\n\n\n\n<div class=\"bde-rich-text-257-144 bde-rich-text breakdance-rich-text-styles\">\n<p style=\"text-align: left;\">\u00a0<\/p>\n<ul>\n<li style=\"text-align: left;\">\n<p><strong>Csal\u00e1di bel\u00e9p\u0151jegy<\/strong> ( 2 f\u0151 feln\u0151tt + 2 f\u0151 gyerek)<\/p>\n<ul>\n<li style=\"text-align: left;\">\n<p>\u00c1ra<strong>:<em> 10.000 Ft<\/em>.<\/strong><\/p>\n<\/li>\n<\/ul>\n<\/li>\n<\/ul>\n<p>\u00a0<\/p>\n<\/div>\n<\/div><\/div><div class=\"bde-text-257-146 bde-text\">\n6 \u00e9ves  kor alatt a bel\u00e9p\u00e9s a rendezv\u00e9nyre ingyenes.\n<\/div><div class=\"bde-button-257-134 bde-button\" data-entrance=\"slideRight\">\n        \n    \n    \n    \n    \n            \n                    \n            \n            \n\n    \n    \n    \n    \n    \n    <a class=\"breakdance-link button-atom button-atom--primary bde-button__button\" href=\"https:\/\/annavi.hu\/2-kecskemet-icon\" target=\"_self\" data-type=\"url\"  >\n\n    \n        <span class=\"button-atom__text\">Jegyv\u00e1s\u00e1rl\u00e1s<\/span>\n\n        \n        \n                <\/a>\n\n    \n\n\n<\/div><\/div>\n<\/section>","protected":false},"excerpt":{"rendered":"<p>Jegyek Jegyv\u00e1s\u00e1rl\u00e1sra itt online vagy a helysz\u00ednen az esem\u00e9ny napj\u00e1n lesz lehet\u0151s\u00e9getek. Jegyt\u00edpusok \u00a0 \u00a0 Feln\u0151tt bel\u00e9p\u0151jegy \u00c1ra: 4000 Ft. \u00a0 \u00a0 Gyerek bel\u00e9p\u0151jegy ( 6 &#8211; 14 \u00e9v) \u00c1ra: 2500 Ft. \u00a0 \u00a0 Csal\u00e1di bel\u00e9p\u0151jegy ( 2 f\u0151 feln\u0151tt + 2 f\u0151 gyerek) \u00c1ra: 10.000 Ft. \u00a0 6 \u00e9ves kor alatt a bel\u00e9p\u00e9s a [&hellip;]<\/p>\n","protected":false},"author":1,"featured_media":0,"parent":0,"menu_order":0,"comment_status":"closed","ping_status":"closed","template":"","meta":{"_breakdance_hide_in_design_set":false,"_breakdance_tags":"","footnotes":""},"class_list":["post-257","page","type-page","status-publish","hentry"],"yoast_head":"<!-- This site is optimized with the Yoast SEO plugin v27.4 - https:\/\/yoast.com\/product\/yoast-seo-wordpress\/ -->\n<title>iCon jegyv\u00e1s\u00e1rl\u00e1s<\/title>\n<meta name=\"description\" content=\"iCon jegyv\u00e1s\u00e1rl\u00e1s online. Vedd meg el\u0151re a jegyedet \u00e9s sorban \u00e1ll\u00e1s n\u00e9lk\u00fcl be tudsz majd jutni a rendezv\u00e9ny\u00fcnkre.\" \/>\n<meta name=\"robots\" content=\"index, follow, max-snippet:-1, max-image-preview:large, max-video-preview:-1\" \/>\n<link rel=\"canonical\" href=\"https:\/\/iconx.hu\/index.php\/icon-jegyvasarlas\/\" \/>\n<meta property=\"og:locale\" content=\"hu_HU\" \/>\n<meta property=\"og:type\" content=\"article\" \/>\n<meta property=\"og:title\" content=\"iCon jegyv\u00e1s\u00e1rl\u00e1s\" \/>\n<meta property=\"og:description\" content=\"iCon jegyv\u00e1s\u00e1rl\u00e1s online. Vedd meg el\u0151re a jegyedet \u00e9s sorban \u00e1ll\u00e1s n\u00e9lk\u00fcl be tudsz majd jutni a rendezv\u00e9ny\u00fcnkre.\" \/>\n<meta property=\"og:url\" content=\"https:\/\/iconx.hu\/index.php\/icon-jegyvasarlas\/\" \/>\n<meta property=\"og:site_name\" content=\"iCon\" \/>\n<meta property=\"article:publisher\" content=\"https:\/\/www.facebook.com\/profile.php?id=61572333931392\" \/>\n<meta property=\"article:modified_time\" content=\"2026-04-14T18:29:24+00:00\" \/>\n<meta name=\"twitter:card\" content=\"summary_large_image\" \/>\n<meta name=\"twitter:label1\" content=\"Becs\u00fclt olvas\u00e1si id\u0151\" \/>\n\t<meta name=\"twitter:data1\" content=\"1 perc\" \/>\n<script type=\"application\/ld+json\" class=\"yoast-schema-graph\">{\"@context\":\"https:\\\/\\\/schema.org\",\"@graph\":[{\"@type\":\"WebPage\",\"@id\":\"https:\\\/\\\/iconx.hu\\\/index.php\\\/icon-jegyvasarlas\\\/\",\"url\":\"https:\\\/\\\/iconx.hu\\\/index.php\\\/icon-jegyvasarlas\\\/\",\"name\":\"iCon jegyv\u00e1s\u00e1rl\u00e1s\",\"isPartOf\":{\"@id\":\"https:\\\/\\\/iconx.hu\\\/#website\"},\"datePublished\":\"2025-01-18T10:13:33+00:00\",\"dateModified\":\"2026-04-14T18:29:24+00:00\",\"description\":\"iCon jegyv\u00e1s\u00e1rl\u00e1s online. Vedd meg el\u0151re a jegyedet \u00e9s sorban \u00e1ll\u00e1s n\u00e9lk\u00fcl be tudsz majd jutni a rendezv\u00e9ny\u00fcnkre.\",\"breadcrumb\":{\"@id\":\"https:\\\/\\\/iconx.hu\\\/index.php\\\/icon-jegyvasarlas\\\/#breadcrumb\"},\"inLanguage\":\"hu\",\"potentialAction\":[{\"@type\":\"ReadAction\",\"target\":[\"https:\\\/\\\/iconx.hu\\\/index.php\\\/icon-jegyvasarlas\\\/\"]}]},{\"@type\":\"BreadcrumbList\",\"@id\":\"https:\\\/\\\/iconx.hu\\\/index.php\\\/icon-jegyvasarlas\\\/#breadcrumb\",\"itemListElement\":[{\"@type\":\"ListItem\",\"position\":1,\"name\":\"Kezd\u0151lap\",\"item\":\"https:\\\/\\\/iconx.hu\\\/\"},{\"@type\":\"ListItem\",\"position\":2,\"name\":\"Jegyek\"}]},{\"@type\":\"WebSite\",\"@id\":\"https:\\\/\\\/iconx.hu\\\/#website\",\"url\":\"https:\\\/\\\/iconx.hu\\\/\",\"name\":\"iCon\",\"description\":\"Kecskem\u00e9ti iCon Fesztiv\u00e1l hivatalos honlapja\",\"publisher\":{\"@id\":\"https:\\\/\\\/iconx.hu\\\/#organization\"},\"potentialAction\":[{\"@type\":\"SearchAction\",\"target\":{\"@type\":\"EntryPoint\",\"urlTemplate\":\"https:\\\/\\\/iconx.hu\\\/?s={search_term_string}\"},\"query-input\":{\"@type\":\"PropertyValueSpecification\",\"valueRequired\":true,\"valueName\":\"search_term_string\"}}],\"inLanguage\":\"hu\"},{\"@type\":\"Organization\",\"@id\":\"https:\\\/\\\/iconx.hu\\\/#organization\",\"name\":\"Kecskemet Icon\",\"url\":\"https:\\\/\\\/iconx.hu\\\/\",\"logo\":{\"@type\":\"ImageObject\",\"inLanguage\":\"hu\",\"@id\":\"https:\\\/\\\/iconx.hu\\\/#\\\/schema\\\/logo\\\/image\\\/\",\"url\":\"https:\\\/\\\/iconx.hu\\\/wp-content\\\/uploads\\\/2025\\\/01\\\/2026-logo-terv-masolat-scaled-e1769360751947.png\",\"contentUrl\":\"https:\\\/\\\/iconx.hu\\\/wp-content\\\/uploads\\\/2025\\\/01\\\/2026-logo-terv-masolat-scaled-e1769360751947.png\",\"width\":1810,\"height\":1140,\"caption\":\"Kecskemet Icon\"},\"image\":{\"@id\":\"https:\\\/\\\/iconx.hu\\\/#\\\/schema\\\/logo\\\/image\\\/\"},\"sameAs\":[\"https:\\\/\\\/www.facebook.com\\\/profile.php?id=61572333931392\",\"https:\\\/\\\/www.instagram.com\\\/icon_kecskemet\\\/?hl=en\"]}]}<\/script>\n<!-- \/ Yoast SEO plugin. -->","yoast_head_json":{"title":"iCon jegyv\u00e1s\u00e1rl\u00e1s","description":"iCon jegyv\u00e1s\u00e1rl\u00e1s online. Vedd meg el\u0151re a jegyedet \u00e9s sorban \u00e1ll\u00e1s n\u00e9lk\u00fcl be tudsz majd jutni a rendezv\u00e9ny\u00fcnkre.","robots":{"index":"index","follow":"follow","max-snippet":"max-snippet:-1","max-image-preview":"max-image-preview:large","max-video-preview":"max-video-preview:-1"},"canonical":"https:\/\/iconx.hu\/index.php\/icon-jegyvasarlas\/","og_locale":"hu_HU","og_type":"article","og_title":"iCon jegyv\u00e1s\u00e1rl\u00e1s","og_description":"iCon jegyv\u00e1s\u00e1rl\u00e1s online. Vedd meg el\u0151re a jegyedet \u00e9s sorban \u00e1ll\u00e1s n\u00e9lk\u00fcl be tudsz majd jutni a rendezv\u00e9ny\u00fcnkre.","og_url":"https:\/\/iconx.hu\/index.php\/icon-jegyvasarlas\/","og_site_name":"iCon","article_publisher":"https:\/\/www.facebook.com\/profile.php?id=61572333931392","article_modified_time":"2026-04-14T18:29:24+00:00","twitter_card":"summary_large_image","twitter_misc":{"Becs\u00fclt olvas\u00e1si id\u0151":"1 perc"},"schema":{"@context":"https:\/\/schema.org","@graph":[{"@type":"WebPage","@id":"https:\/\/iconx.hu\/index.php\/icon-jegyvasarlas\/","url":"https:\/\/iconx.hu\/index.php\/icon-jegyvasarlas\/","name":"iCon jegyv\u00e1s\u00e1rl\u00e1s","isPartOf":{"@id":"https:\/\/iconx.hu\/#website"},"datePublished":"2025-01-18T10:13:33+00:00","dateModified":"2026-04-14T18:29:24+00:00","description":"iCon jegyv\u00e1s\u00e1rl\u00e1s online. Vedd meg el\u0151re a jegyedet \u00e9s sorban \u00e1ll\u00e1s n\u00e9lk\u00fcl be tudsz majd jutni a rendezv\u00e9ny\u00fcnkre.","breadcrumb":{"@id":"https:\/\/iconx.hu\/index.php\/icon-jegyvasarlas\/#breadcrumb"},"inLanguage":"hu","potentialAction":[{"@type":"ReadAction","target":["https:\/\/iconx.hu\/index.php\/icon-jegyvasarlas\/"]}]},{"@type":"BreadcrumbList","@id":"https:\/\/iconx.hu\/index.php\/icon-jegyvasarlas\/#breadcrumb","itemListElement":[{"@type":"ListItem","position":1,"name":"Kezd\u0151lap","item":"https:\/\/iconx.hu\/"},{"@type":"ListItem","position":2,"name":"Jegyek"}]},{"@type":"WebSite","@id":"https:\/\/iconx.hu\/#website","url":"https:\/\/iconx.hu\/","name":"iCon","description":"Kecskem\u00e9ti iCon Fesztiv\u00e1l hivatalos honlapja","publisher":{"@id":"https:\/\/iconx.hu\/#organization"},"potentialAction":[{"@type":"SearchAction","target":{"@type":"EntryPoint","urlTemplate":"https:\/\/iconx.hu\/?s={search_term_string}"},"query-input":{"@type":"PropertyValueSpecification","valueRequired":true,"valueName":"search_term_string"}}],"inLanguage":"hu"},{"@type":"Organization","@id":"https:\/\/iconx.hu\/#organization","name":"Kecskemet Icon","url":"https:\/\/iconx.hu\/","logo":{"@type":"ImageObject","inLanguage":"hu","@id":"https:\/\/iconx.hu\/#\/schema\/logo\/image\/","url":"https:\/\/iconx.hu\/wp-content\/uploads\/2025\/01\/2026-logo-terv-masolat-scaled-e1769360751947.png","contentUrl":"https:\/\/iconx.hu\/wp-content\/uploads\/2025\/01\/2026-logo-terv-masolat-scaled-e1769360751947.png","width":1810,"height":1140,"caption":"Kecskemet Icon"},"image":{"@id":"https:\/\/iconx.hu\/#\/schema\/logo\/image\/"},"sameAs":["https:\/\/www.facebook.com\/profile.php?id=61572333931392","https:\/\/www.instagram.com\/icon_kecskemet\/?hl=en"]}]}},"_links":{"self":[{"href":"https:\/\/iconx.hu\/index.php\/wp-json\/wp\/v2\/pages\/257","targetHints":{"allow":["GET"]}}],"collection":[{"href":"https:\/\/iconx.hu\/index.php\/wp-json\/wp\/v2\/pages"}],"about":[{"href":"https:\/\/iconx.hu\/index.php\/wp-json\/wp\/v2\/types\/page"}],"author":[{"embeddable":true,"href":"https:\/\/iconx.hu\/index.php\/wp-json\/wp\/v2\/users\/1"}],"replies":[{"embeddable":true,"href":"https:\/\/iconx.hu\/index.php\/wp-json\/wp\/v2\/comments?post=257"}],"version-history":[{"count":30,"href":"https:\/\/iconx.hu\/index.php\/wp-json\/wp\/v2\/pages\/257\/revisions"}],"predecessor-version":[{"id":1167,"href":"https:\/\/iconx.hu\/index.php\/wp-json\/wp\/v2\/pages\/257\/revisions\/1167"}],"wp:attachment":[{"href":"https:\/\/iconx.hu\/index.php\/wp-json\/wp\/v2\/media?parent=257"}],"curies":[{"name":"wp","href":"https:\/\/api.w.org\/{rel}","templated":true}]}}