{"id":701,"date":"2025-03-07T17:18:45","date_gmt":"2025-03-07T17:18:45","guid":{"rendered":"https:\/\/iconx.hu\/?page_id=701"},"modified":"2026-04-04T19:48:16","modified_gmt":"2026-04-04T19:48:16","slug":"cosplay-verseny","status":"publish","type":"page","link":"https:\/\/iconx.hu\/index.php\/cosplay-verseny\/","title":{"rendered":"Cosplay verseny"},"content":{"rendered":"<section class=\"bde-section-701-125 bde-section\">\n  \n  \n\t\n\n\n\n<div class=\"section-container\"><div class=\"bde-div-701-126 bde-div\">\n  \n  \n\t\n\n\n\n<div class=\"bde-div-701-127 bde-div\">\n  \n  \n\t\n\n\n\n<h1 class=\"bde-heading-701-128 bde-heading\">\nCosplay Verseny\n<\/h1><img decoding=\"async\" class=\"bde-image2-701-152 bde-image2\" src=\"https:\/\/iconx.hu\/wp-content\/uploads\/2026\/03\/icon-309-1.jpg\" alt=\"Cosplay 2026\" loading=\"lazy\" srcset=\"https:\/\/iconx.hu\/wp-content\/uploads\/2026\/03\/icon-309-1.jpg 2048w, https:\/\/iconx.hu\/wp-content\/uploads\/2026\/03\/icon-309-1-300x200.jpg 300w, https:\/\/iconx.hu\/wp-content\/uploads\/2026\/03\/icon-309-1-1024x683.jpg 1024w, https:\/\/iconx.hu\/wp-content\/uploads\/2026\/03\/icon-309-1-768x512.jpg 768w, https:\/\/iconx.hu\/wp-content\/uploads\/2026\/03\/icon-309-1-1536x1024.jpg 1536w\" sizes=\"(max-width: 2048px) 100vw, 2048px\">\n<\/div>\n<\/div><\/div>\n<\/section><section class=\"bde-section-701-107 bde-section\">\n  \n  \n\t\n\n\n\n        <div class=\"section-shape-divider-wrapper section-shape-divider-wrapper--1\">\n          <span class=\"section-shape-divider\">\n                      <svg\n                xmlns=\"http:\/\/www.w3.org\/2000\/svg\"\n                viewBox=\"0 0 1440 320\"\n                preserveAspectRatio=\"none\"\n            >\n              <path d=\"M1440 0s-1.653 150.944-172.8 220C1050.548 307.416 0 300 0 300v20h1440V0Z\" fill=\"currentColor\"\/>\n            <\/svg>\n                    <\/span>\n      <\/div>\n  <div class=\"section-container\"><div class=\"bde-rich-text-701-109 bde-rich-text breakdance-rich-text-styles\">\n<p>Nagy \u00f6r\u00f6m\u00fcnkre szolg\u00e1l, hogy id\u00e9n is megrendez\u00e9sre ker\u00fcl\u00a0 a Cosplay verseny az iConon. Szeretettel v\u00e1runk minden cosplayest az esem\u00e9ny\u00fcnk\u00f6n! Ha szereted a karakterek b\u0151r\u00e9be b\u00fajva megmutatni a kreativit\u00e1sodat \u00e9s tehets\u00e9gedet, itt a lehet\u0151s\u00e9g, hogy sz\u00ednpadra l\u00e9pj \u00e9s megm\u00e9rettesd magad.<\/p>\n<h2><strong>Versenykateg\u00f3ri\u00e1k<\/strong><\/h2>\n<p>A verseny k\u00e9t f\u0151 kateg\u00f3ri\u00e1ban zajlik, \u00edgy mindenki megtal\u00e1lhatja a hozz\u00e1 legink\u00e1bb ill\u0151t:<\/p>\n<h3><strong>Craftmanship kateg\u00f3ria<\/strong><\/h3>\n<p>Ebbe a kateg\u00f3ri\u00e1ba azon egy\u00e9ni jelentkez\u0151ket v\u00e1rjuk, akik saj\u00e1t k\u00e9sz\u00edt\u00e9s\u0171 koszt\u00fcmjeikkel neveznek. A koszt\u00fcm lehet hivatalos forr\u00e1sb\u00f3l, fanart alapj\u00e1n vagy egy\u00e9ni \u00f6tletb\u0151l inspir\u00e1l\u00f3dva k\u00e9sz\u00fclt.<\/p>\n<p><strong>D\u00edjaz\u00e1s:<\/strong><\/p>\n<ul>\n<li><strong>Legjobb craft<\/strong> \u2013 A zs\u0171ri \u00e1ltal legjobbnak \u00edt\u00e9lt k\u00e9zm\u0171ves munka<\/li>\n<li><strong>K\u00f6z\u00f6ns\u00e9g kedvence<\/strong> \u2013 A k\u00f6z\u00f6ns\u00e9g \u00e1ltal legjobban kedvelt jelmez<\/li>\n<\/ul>\n<h3><strong>Cosplay Performance kateg\u00f3ria<\/strong><\/h3>\n<p>Ebben a kateg\u00f3ri\u00e1ban olyan egy\u00e9ni vagy csoportos jelentkez\u0151ket v\u00e1runk, akik egy maximum <strong>3 perces el\u0151ad\u00e1st<\/strong> szeretn\u00e9nek bemutatni az iCon sz\u00ednpad\u00e1n. A produkci\u00f3 lehet jelenet egy filmb\u0151l, anim\u00e9b\u0151l, vide\u00f3j\u00e1t\u00e9kb\u00f3l vagy egy saj\u00e1t, kreat\u00edv megval\u00f3s\u00edt\u00e1s.<\/p>\n<p><strong>D\u00edjaz\u00e1s:<\/strong><\/p>\n<ul>\n<li><strong>Legjobb el\u0151ad\u00e1s<\/strong> \u2013 A zs\u0171ri \u00e1ltal legjobbnak \u00edt\u00e9lt produkci\u00f3<\/li>\n<li><strong>K\u00f6z\u00f6ns\u00e9g kedvence<\/strong> \u2013 A k\u00f6z\u00f6ns\u00e9g \u00e1ltal megszavazott kedvenc el\u0151ad\u00e1s<\/li>\n<\/ul>\n<\/div><div class=\"bde-rich-text-701-117 bde-rich-text breakdance-rich-text-styles\">\n<h3><b><i>Fontos inform\u00e1ci\u00f3k<\/i><\/b><\/h3>\n<p>A verseny szab\u00e1lyzatot mindenki figyelmesen olvassa el miel\u0151tt jelentkezik.<\/p>\n<p><a href=\"https:\/\/docs.google.com\/document\/d\/1C8_siQGXpRvJKv8-7GZpc7bhLCYrZvJ1WHx30dhyC_A\/edit?fbclid=IwY2xjawQ4zHFleHRuA2FlbQIxMABicmlkETFWOEFaeFBFajBCWmVFUWI0c3J0YwZhcHBfaWQQMjIyMDM5MTc4ODIwMDg5MgABHqSZ_gUORbvma1oUgqH42nNqxiaRUDlqzNGBtuFXtIHx9bUYeyGmOrr_UVKK_aem_CC9IE3BOzDNMhmVKlHCW2Q&amp;tab=t.0\">Versenyszab\u00e1lyzat<\/a><\/p>\n<p>Jelentkez\u00e9si hat\u00e1rid\u0151: <strong>2026. J\u00fanius 07.<\/strong><\/p>\n<\/div><h4 class=\"bde-heading-701-110 bde-heading\">\nItt jelentkezhetsz!\n<\/h4><a class=\"bde-text-link-701-122 bde-text-link breakdance-link\" href=\"https:\/\/docs.google.com\/forms\/d\/e\/1FAIpQLSeQyZ0w-709Jsmy4xMQ9Ei128VItlHnj2S9PdKg4seOPpGg5Q\/viewform\" target=\"_self\" data-type=\"url\">\n  <h3 >\n  Craftmanship jelentkez\u00e9s\n  <\/h3>\n\n<\/a><a class=\"bde-text-link-701-120 bde-text-link breakdance-link\" href=\"https:\/\/docs.google.com\/forms\/d\/e\/1FAIpQLSekEmdQcHa8oqt6TBpE3E4e0UxjJ9dRGzB5AGt9H9SPkHwu8A\/viewform\" target=\"_self\" data-type=\"url\">\n  <h3 >\n  Cosplay Performance jelentkez\u00e9s\n  <\/h3>\n\n<\/a><h5 class=\"bde-heading-701-121 bde-heading\">\nNe maradj le err\u0151l a fantasztikus lehet\u0151s\u00e9gr\u0151l, csatlakozz hozz\u00e1nk \u00e9s mutasd meg, mire vagy k\u00e9pes!\n<\/h5><\/div>\n<\/section>","protected":false},"excerpt":{"rendered":"<p>Cosplay Verseny Nagy \u00f6r\u00f6m\u00fcnkre szolg\u00e1l, hogy id\u00e9n is megrendez\u00e9sre ker\u00fcl\u00a0 a Cosplay verseny az iConon. Szeretettel v\u00e1runk minden cosplayest az esem\u00e9ny\u00fcnk\u00f6n! Ha szereted a karakterek b\u0151r\u00e9be b\u00fajva megmutatni a kreativit\u00e1sodat \u00e9s tehets\u00e9gedet, itt a lehet\u0151s\u00e9g, hogy sz\u00ednpadra l\u00e9pj \u00e9s megm\u00e9rettesd magad. Versenykateg\u00f3ri\u00e1k A verseny k\u00e9t f\u0151 kateg\u00f3ri\u00e1ban zajlik, \u00edgy mindenki megtal\u00e1lhatja a hozz\u00e1 legink\u00e1bb ill\u0151t: [&hellip;]<\/p>\n","protected":false},"author":1,"featured_media":0,"parent":0,"menu_order":0,"comment_status":"closed","ping_status":"closed","template":"","meta":{"_breakdance_hide_in_design_set":false,"_breakdance_tags":"","footnotes":""},"class_list":["post-701","page","type-page","status-publish","hentry"],"yoast_head":"<!-- This site is optimized with the Yoast SEO plugin v27.3 - https:\/\/yoast.com\/product\/yoast-seo-wordpress\/ -->\n<title>Cosplay verseny - iCon<\/title>\n<meta name=\"description\" content=\"Nagy \u00f6r\u00f6m\u00fcnkre szolg\u00e1l, hogy id\u00e9n el\u0151sz\u00f6r Kecskem\u00e9ten megrendez\u00e9sre ker\u00fcl az iCon, \u00e9s szeretettel v\u00e1runk minden cosplayest a verseny\u00fcnk\u00f6n!\" \/>\n<meta name=\"robots\" content=\"index, follow, max-snippet:-1, max-image-preview:large, max-video-preview:-1\" \/>\n<link rel=\"canonical\" href=\"https:\/\/iconx.hu\/index.php\/cosplay-verseny\/\" \/>\n<meta property=\"og:locale\" content=\"hu_HU\" \/>\n<meta property=\"og:type\" content=\"article\" \/>\n<meta property=\"og:title\" content=\"Cosplay verseny - iCon\" \/>\n<meta property=\"og:description\" content=\"Nagy \u00f6r\u00f6m\u00fcnkre szolg\u00e1l, hogy id\u00e9n el\u0151sz\u00f6r Kecskem\u00e9ten megrendez\u00e9sre ker\u00fcl az iCon, \u00e9s szeretettel v\u00e1runk minden cosplayest a verseny\u00fcnk\u00f6n!\" \/>\n<meta property=\"og:url\" content=\"https:\/\/iconx.hu\/index.php\/cosplay-verseny\/\" \/>\n<meta property=\"og:site_name\" content=\"iCon\" \/>\n<meta property=\"article:publisher\" content=\"https:\/\/www.facebook.com\/profile.php?id=61572333931392\" \/>\n<meta property=\"article:modified_time\" content=\"2026-04-04T19:48:16+00:00\" \/>\n<meta name=\"twitter:card\" content=\"summary_large_image\" \/>\n<meta name=\"twitter:label1\" content=\"Becs\u00fclt olvas\u00e1si id\u0151\" \/>\n\t<meta name=\"twitter:data1\" content=\"2 perc\" \/>\n<script type=\"application\/ld+json\" class=\"yoast-schema-graph\">{\"@context\":\"https:\\\/\\\/schema.org\",\"@graph\":[{\"@type\":\"WebPage\",\"@id\":\"https:\\\/\\\/iconx.hu\\\/index.php\\\/cosplay-verseny\\\/\",\"url\":\"https:\\\/\\\/iconx.hu\\\/index.php\\\/cosplay-verseny\\\/\",\"name\":\"Cosplay verseny - iCon\",\"isPartOf\":{\"@id\":\"https:\\\/\\\/iconx.hu\\\/#website\"},\"datePublished\":\"2025-03-07T17:18:45+00:00\",\"dateModified\":\"2026-04-04T19:48:16+00:00\",\"description\":\"Nagy \u00f6r\u00f6m\u00fcnkre szolg\u00e1l, hogy id\u00e9n el\u0151sz\u00f6r Kecskem\u00e9ten megrendez\u00e9sre ker\u00fcl az iCon, \u00e9s szeretettel v\u00e1runk minden cosplayest a verseny\u00fcnk\u00f6n!\",\"breadcrumb\":{\"@id\":\"https:\\\/\\\/iconx.hu\\\/index.php\\\/cosplay-verseny\\\/#breadcrumb\"},\"inLanguage\":\"hu\",\"potentialAction\":[{\"@type\":\"ReadAction\",\"target\":[\"https:\\\/\\\/iconx.hu\\\/index.php\\\/cosplay-verseny\\\/\"]}]},{\"@type\":\"BreadcrumbList\",\"@id\":\"https:\\\/\\\/iconx.hu\\\/index.php\\\/cosplay-verseny\\\/#breadcrumb\",\"itemListElement\":[{\"@type\":\"ListItem\",\"position\":1,\"name\":\"Kezd\u0151lap\",\"item\":\"https:\\\/\\\/iconx.hu\\\/\"},{\"@type\":\"ListItem\",\"position\":2,\"name\":\"Cosplay verseny\"}]},{\"@type\":\"WebSite\",\"@id\":\"https:\\\/\\\/iconx.hu\\\/#website\",\"url\":\"https:\\\/\\\/iconx.hu\\\/\",\"name\":\"iCon\",\"description\":\"Kecskem\u00e9ti iCon Fesztiv\u00e1l hivatalos honlapja\",\"publisher\":{\"@id\":\"https:\\\/\\\/iconx.hu\\\/#organization\"},\"potentialAction\":[{\"@type\":\"SearchAction\",\"target\":{\"@type\":\"EntryPoint\",\"urlTemplate\":\"https:\\\/\\\/iconx.hu\\\/?s={search_term_string}\"},\"query-input\":{\"@type\":\"PropertyValueSpecification\",\"valueRequired\":true,\"valueName\":\"search_term_string\"}}],\"inLanguage\":\"hu\"},{\"@type\":\"Organization\",\"@id\":\"https:\\\/\\\/iconx.hu\\\/#organization\",\"name\":\"Kecskemet Icon\",\"url\":\"https:\\\/\\\/iconx.hu\\\/\",\"logo\":{\"@type\":\"ImageObject\",\"inLanguage\":\"hu\",\"@id\":\"https:\\\/\\\/iconx.hu\\\/#\\\/schema\\\/logo\\\/image\\\/\",\"url\":\"https:\\\/\\\/iconx.hu\\\/wp-content\\\/uploads\\\/2025\\\/01\\\/2026-logo-terv-masolat-scaled-e1769360751947.png\",\"contentUrl\":\"https:\\\/\\\/iconx.hu\\\/wp-content\\\/uploads\\\/2025\\\/01\\\/2026-logo-terv-masolat-scaled-e1769360751947.png\",\"width\":1810,\"height\":1140,\"caption\":\"Kecskemet Icon\"},\"image\":{\"@id\":\"https:\\\/\\\/iconx.hu\\\/#\\\/schema\\\/logo\\\/image\\\/\"},\"sameAs\":[\"https:\\\/\\\/www.facebook.com\\\/profile.php?id=61572333931392\",\"https:\\\/\\\/www.instagram.com\\\/icon_kecskemet\\\/?hl=en\"]}]}<\/script>\n<!-- \/ Yoast SEO plugin. -->","yoast_head_json":{"title":"Cosplay verseny - iCon","description":"Nagy \u00f6r\u00f6m\u00fcnkre szolg\u00e1l, hogy id\u00e9n el\u0151sz\u00f6r Kecskem\u00e9ten megrendez\u00e9sre ker\u00fcl az iCon, \u00e9s szeretettel v\u00e1runk minden cosplayest a verseny\u00fcnk\u00f6n!","robots":{"index":"index","follow":"follow","max-snippet":"max-snippet:-1","max-image-preview":"max-image-preview:large","max-video-preview":"max-video-preview:-1"},"canonical":"https:\/\/iconx.hu\/index.php\/cosplay-verseny\/","og_locale":"hu_HU","og_type":"article","og_title":"Cosplay verseny - iCon","og_description":"Nagy \u00f6r\u00f6m\u00fcnkre szolg\u00e1l, hogy id\u00e9n el\u0151sz\u00f6r Kecskem\u00e9ten megrendez\u00e9sre ker\u00fcl az iCon, \u00e9s szeretettel v\u00e1runk minden cosplayest a verseny\u00fcnk\u00f6n!","og_url":"https:\/\/iconx.hu\/index.php\/cosplay-verseny\/","og_site_name":"iCon","article_publisher":"https:\/\/www.facebook.com\/profile.php?id=61572333931392","article_modified_time":"2026-04-04T19:48:16+00:00","twitter_card":"summary_large_image","twitter_misc":{"Becs\u00fclt olvas\u00e1si id\u0151":"2 perc"},"schema":{"@context":"https:\/\/schema.org","@graph":[{"@type":"WebPage","@id":"https:\/\/iconx.hu\/index.php\/cosplay-verseny\/","url":"https:\/\/iconx.hu\/index.php\/cosplay-verseny\/","name":"Cosplay verseny - iCon","isPartOf":{"@id":"https:\/\/iconx.hu\/#website"},"datePublished":"2025-03-07T17:18:45+00:00","dateModified":"2026-04-04T19:48:16+00:00","description":"Nagy \u00f6r\u00f6m\u00fcnkre szolg\u00e1l, hogy id\u00e9n el\u0151sz\u00f6r Kecskem\u00e9ten megrendez\u00e9sre ker\u00fcl az iCon, \u00e9s szeretettel v\u00e1runk minden cosplayest a verseny\u00fcnk\u00f6n!","breadcrumb":{"@id":"https:\/\/iconx.hu\/index.php\/cosplay-verseny\/#breadcrumb"},"inLanguage":"hu","potentialAction":[{"@type":"ReadAction","target":["https:\/\/iconx.hu\/index.php\/cosplay-verseny\/"]}]},{"@type":"BreadcrumbList","@id":"https:\/\/iconx.hu\/index.php\/cosplay-verseny\/#breadcrumb","itemListElement":[{"@type":"ListItem","position":1,"name":"Kezd\u0151lap","item":"https:\/\/iconx.hu\/"},{"@type":"ListItem","position":2,"name":"Cosplay verseny"}]},{"@type":"WebSite","@id":"https:\/\/iconx.hu\/#website","url":"https:\/\/iconx.hu\/","name":"iCon","description":"Kecskem\u00e9ti iCon Fesztiv\u00e1l hivatalos honlapja","publisher":{"@id":"https:\/\/iconx.hu\/#organization"},"potentialAction":[{"@type":"SearchAction","target":{"@type":"EntryPoint","urlTemplate":"https:\/\/iconx.hu\/?s={search_term_string}"},"query-input":{"@type":"PropertyValueSpecification","valueRequired":true,"valueName":"search_term_string"}}],"inLanguage":"hu"},{"@type":"Organization","@id":"https:\/\/iconx.hu\/#organization","name":"Kecskemet Icon","url":"https:\/\/iconx.hu\/","logo":{"@type":"ImageObject","inLanguage":"hu","@id":"https:\/\/iconx.hu\/#\/schema\/logo\/image\/","url":"https:\/\/iconx.hu\/wp-content\/uploads\/2025\/01\/2026-logo-terv-masolat-scaled-e1769360751947.png","contentUrl":"https:\/\/iconx.hu\/wp-content\/uploads\/2025\/01\/2026-logo-terv-masolat-scaled-e1769360751947.png","width":1810,"height":1140,"caption":"Kecskemet Icon"},"image":{"@id":"https:\/\/iconx.hu\/#\/schema\/logo\/image\/"},"sameAs":["https:\/\/www.facebook.com\/profile.php?id=61572333931392","https:\/\/www.instagram.com\/icon_kecskemet\/?hl=en"]}]}},"_links":{"self":[{"href":"https:\/\/iconx.hu\/index.php\/wp-json\/wp\/v2\/pages\/701","targetHints":{"allow":["GET"]}}],"collection":[{"href":"https:\/\/iconx.hu\/index.php\/wp-json\/wp\/v2\/pages"}],"about":[{"href":"https:\/\/iconx.hu\/index.php\/wp-json\/wp\/v2\/types\/page"}],"author":[{"embeddable":true,"href":"https:\/\/iconx.hu\/index.php\/wp-json\/wp\/v2\/users\/1"}],"replies":[{"embeddable":true,"href":"https:\/\/iconx.hu\/index.php\/wp-json\/wp\/v2\/comments?post=701"}],"version-history":[{"count":26,"href":"https:\/\/iconx.hu\/index.php\/wp-json\/wp\/v2\/pages\/701\/revisions"}],"predecessor-version":[{"id":1126,"href":"https:\/\/iconx.hu\/index.php\/wp-json\/wp\/v2\/pages\/701\/revisions\/1126"}],"wp:attachment":[{"href":"https:\/\/iconx.hu\/index.php\/wp-json\/wp\/v2\/media?parent=701"}],"curies":[{"name":"wp","href":"https:\/\/api.w.org\/{rel}","templated":true}]}}